{"id":132,"date":"2026-02-06T23:18:55","date_gmt":"2026-02-06T22:18:55","guid":{"rendered":"https:\/\/hrp.net.pl\/?page_id=132"},"modified":"2026-04-19T17:31:59","modified_gmt":"2026-04-19T15:31:59","slug":"kariera","status":"publish","type":"page","link":"https:\/\/hrp.net.pl\/?page_id=132","title":{"rendered":"Kariera"},"content":{"rendered":"<p>[et_pb_section fb_built=&#8221;1&#8243; _builder_version=&#8221;4.27.5&#8243; _module_preset=&#8221;default&#8221; use_background_color_gradient=&#8221;on&#8221; background_color_gradient_stops=&#8221;#000000 0%|#0f0301 100%&#8221; custom_margin=&#8221;||-32px|||&#8221; custom_padding=&#8221;||0px|||&#8221; global_colors_info=&#8221;{}&#8221;][et_pb_row _builder_version=&#8221;4.27.5&#8243; _module_preset=&#8221;default&#8221; animation_style=&#8221;fade&#8221; animation_duration=&#8221;1450ms&#8221; hover_enabled=&#8221;0&#8243; global_colors_info=&#8221;{}&#8221; sticky_enabled=&#8221;0&#8243;][et_pb_column type=&#8221;4_4&#8243; _builder_version=&#8221;4.27.5&#8243; _module_preset=&#8221;default&#8221; global_colors_info=&#8221;{}&#8221;][et_pb_text _builder_version=&#8221;4.27.5&#8243; _module_preset=&#8221;default&#8221; custom_padding=&#8221;5px||0px|||&#8221; animation_style=&#8221;fade&#8221; animation_delay=&#8221;100ms&#8221; global_colors_info=&#8221;{}&#8221;]<\/p>\n<h1 style=\"text-align: center;\">Do\u0142\u0105cz do naszego zespo\u0142u!<\/h1>\n<h1 style=\"text-align: center;\">Szukamy ELEKTRYK\u00d3W!<\/h1>\n<h1 style=\"text-align: center;\"><\/h1>\n<h2 style=\"text-align: center;\">Nasza firma dynamicznie si\u0119 rozwija i poszukuje wykwalifikowanych elektryk\u00f3w,<br \/>kt\u00f3rzy chc\u0105 pracowa\u0107 w stabilnej, nowoczesnej i przyjaznej firmie.<\/h2>\n<p>[\/et_pb_text][\/et_pb_column][\/et_pb_row][\/et_pb_section][et_pb_section fb_built=&#8221;1&#8243; _builder_version=&#8221;4.27.5&#8243; _module_preset=&#8221;default&#8221; background_image=&#8221;https:\/\/hrp.net.pl\/wp-content\/uploads\/2026\/02\/000ECBIN7530T45C-C124.webp&#8221; parallax=&#8221;on&#8221; min_height=&#8221;226px&#8221; custom_margin=&#8221;12px|||||&#8221; custom_padding=&#8221;13px|||||&#8221; top_divider_style=&#8221;slant2&#8243; top_divider_color=&#8221;#000000&#8243; bottom_divider_style=&#8221;slant2&#8243; bottom_divider_color=&#8221;#000000&#8243; global_colors_info=&#8221;{}&#8221;][et_pb_row _builder_version=&#8221;4.27.5&#8243; _module_preset=&#8221;default&#8221; min_height=&#8221;412px&#8221; global_colors_info=&#8221;{}&#8221;][et_pb_column type=&#8221;4_4&#8243; _builder_version=&#8221;4.27.5&#8243; _module_preset=&#8221;default&#8221; global_colors_info=&#8221;{}&#8221;][\/et_pb_column][\/et_pb_row][\/et_pb_section][et_pb_section fb_built=&#8221;1&#8243; _builder_version=&#8221;4.27.5&#8243; _module_preset=&#8221;default&#8221; use_background_color_gradient=&#8221;on&#8221; background_color_gradient_stops=&#8221;#000000 0%|#0f0301 100%&#8221; hover_enabled=&#8221;0&#8243; global_colors_info=&#8221;{}&#8221; sticky_enabled=&#8221;0&#8243; background_color=&#8221;#000000&#8243;][et_pb_row column_structure=&#8221;1_2,1_2&#8243; _builder_version=&#8221;4.27.5&#8243; _module_preset=&#8221;default&#8221; min_height=&#8221;158.1px&#8221; custom_margin=&#8221;-2px|auto||auto||&#8221; custom_padding=&#8221;0px||0px|||&#8221; global_colors_info=&#8221;{}&#8221;][et_pb_column type=&#8221;1_2&#8243; _builder_version=&#8221;4.27.5&#8243; _module_preset=&#8221;default&#8221; global_colors_info=&#8221;{}&#8221;][dipl_text_animator animated_text=&#8221;Oferujemy:&#8221; animation_layout=&#8221;typing&#8221; erasing_speed=&#8221;10px&#8221; animate_only_once=&#8221;on&#8221; _builder_version=&#8221;4.27.5&#8243; _module_preset=&#8221;default&#8221; global_text_settings_text_align=&#8221;center&#8221; hover_enabled=&#8221;0&#8243; global_colors_info=&#8221;{}&#8221; sticky_enabled=&#8221;0&#8243;][\/dipl_text_animator][et_pb_text _builder_version=&#8221;4.27.5&#8243; _module_preset=&#8221;default&#8221; custom_padding=&#8221;|0px|5px|5px||&#8221; animation_style=&#8221;fade&#8221; animation_duration=&#8221;1450ms&#8221; animation_delay=&#8221;250ms&#8221; hover_transition_duration=&#8221;100ms&#8221; hover_enabled=&#8221;0&#8243; header_text_shadow_style=&#8221;preset1&#8243; header_text_shadow_color=&#8221;#FFFFFF&#8221; global_colors_info=&#8221;{}&#8221; sticky_enabled=&#8221;0&#8243; scroll_vertical_motion_enable=&#8221;on&#8221; scroll_vertical_motion=&#8221;0|50|50|100|4|0|0&#8243;]<\/p>\n<h2 style=\"text-align: center;\"><\/h2>\n<ul>\n<li><span style=\"color: #f7f7f7;\">Stabilne zatrudnienie na umow\u0119<\/span><\/li>\n<li><span style=\"color: #f7f7f7;\">Atrakcyjne wynagrodzenie i premie<\/span><\/li>\n<li><span style=\"color: #f7f7f7;\">Prac\u0119 przy ciekawych projektach<\/span><\/li>\n<li><span style=\"color: #f7f7f7;\">Mo\u017cliwo\u015b\u0107 rozwoju i podnoszenia kwalifikacji<\/span><\/li>\n<li><span style=\"color: #f7f7f7;\">Wsparcie techniczne i zgrany zesp\u00f3\u0142<\/span><\/li>\n<\/ul>\n<p>[\/et_pb_text][\/et_pb_column][et_pb_column type=&#8221;1_2&#8243; _builder_version=&#8221;4.27.5&#8243; _module_preset=&#8221;default&#8221; global_colors_info=&#8221;{}&#8221;][dipl_text_animator animated_text=&#8221;Wymagamy:&#8221; animation_layout=&#8221;typing&#8221; typing_speed=&#8221;70ms&#8221; erasing_speed=&#8221;10px&#8221; animate_only_once=&#8221;on&#8221; _builder_version=&#8221;4.27.5&#8243; _module_preset=&#8221;default&#8221; global_text_settings_text_align=&#8221;center&#8221; global_colors_info=&#8221;{}&#8221;][\/dipl_text_animator][et_pb_text _builder_version=&#8221;4.27.5&#8243; _module_preset=&#8221;default&#8221; custom_margin=&#8221;4px|2px||||&#8221; custom_padding=&#8221;||5px|2px||&#8221; animation_style=&#8221;fade&#8221; animation_duration=&#8221;1800ms&#8221; animation_delay=&#8221;350ms&#8221; hover_enabled=&#8221;0&#8243; locked=&#8221;off&#8221; inline_fonts=&#8221;Alike Angular&#8221; global_colors_info=&#8221;{}&#8221; scroll_horizontal_motion_enable=&#8221;on&#8221; scroll_horizontal_motion=&#8221;0|50|50|100|-4|0|0&#8243; sticky_enabled=&#8221;0&#8243;]<\/p>\n<h3 style=\"text-align: center;\"><\/h3>\n<ul>\n<li><span style=\"color: #ffffff;\">Do\u015bwiadczenia w pracy elektryka<\/span><\/li>\n<li><span style=\"color: #ffffff;\">Uprawnie\u0144 SEP (mile widziane)<\/span><\/li>\n<li><span style=\"color: #ffffff;\">Zaanga\u017cowania i odpowiedzialno\u015bci<\/span><\/li>\n<\/ul>\n<p>[\/et_pb_text][\/et_pb_column][\/et_pb_row][\/et_pb_section][et_pb_section fb_built=&#8221;1&#8243; _builder_version=&#8221;4.27.5&#8243; _module_preset=&#8221;default&#8221; background_image=&#8221;https:\/\/hrp.net.pl\/wp-content\/uploads\/2026\/03\/handshake-businessmen-scaled.jpg&#8221; parallax=&#8221;on&#8221; parallax_method=&#8221;off&#8221; top_divider_style=&#8221;slant2&#8243; top_divider_color=&#8221;#0a0000&#8243; bottom_divider_style=&#8221;slant2&#8243; bottom_divider_color=&#8221;#000000&#8243; hover_enabled=&#8221;0&#8243; global_colors_info=&#8221;{}&#8221; sticky_enabled=&#8221;0&#8243;][et_pb_row _builder_version=&#8221;4.27.5&#8243; _module_preset=&#8221;default&#8221; custom_padding=&#8221;||193px|||&#8221; global_colors_info=&#8221;{}&#8221;][et_pb_column type=&#8221;4_4&#8243; _builder_version=&#8221;4.27.5&#8243; _module_preset=&#8221;default&#8221; global_colors_info=&#8221;{}&#8221;][et_pb_divider show_divider=&#8221;off&#8221; _builder_version=&#8221;4.27.5&#8243; _module_preset=&#8221;default&#8221; global_colors_info=&#8221;{}&#8221;][\/et_pb_divider][\/et_pb_column][\/et_pb_row][\/et_pb_section][et_pb_section fb_built=&#8221;1&#8243; _builder_version=&#8221;4.27.5&#8243; _module_preset=&#8221;default&#8221; use_background_color_gradient=&#8221;on&#8221; background_color_gradient_stops=&#8221;#000000 0%|#0f0301 100%&#8221; min_height=&#8221;310.2px&#8221; hover_enabled=&#8221;0&#8243; locked=&#8221;off&#8221; global_colors_info=&#8221;{}&#8221; background_color=&#8221;#000000&#8243; sticky_enabled=&#8221;0&#8243;][et_pb_row _builder_version=&#8221;4.27.5&#8243; _module_preset=&#8221;default&#8221; custom_margin=&#8221;1px|auto||auto||&#8221; custom_padding=&#8221;0px|||||&#8221; global_colors_info=&#8221;{}&#8221;][et_pb_column type=&#8221;4_4&#8243; _builder_version=&#8221;4.27.5&#8243; _module_preset=&#8221;default&#8221; global_colors_info=&#8221;{}&#8221;][et_pb_text _builder_version=&#8221;4.27.5&#8243; _module_preset=&#8221;default&#8221; custom_padding=&#8221;||0px|||&#8221; animation_style=&#8221;fade&#8221; hover_enabled=&#8221;0&#8243; global_colors_info=&#8221;{}&#8221; scroll_vertical_motion_enable=&#8221;on&#8221; scroll_vertical_motion=&#8221;0|50|50|100|4|0|0&#8243; sticky_enabled=&#8221;0&#8243;]<\/p>\n<h2 style=\"text-align: center;\"><\/h2>\n<h2 style=\"text-align: center;\">Zosta\u0144 cz\u0119\u015bci\u0105 naszej energicznej ekipy!<\/h2>\n<p>&nbsp;<\/p>\n<h2 style=\"text-align: center;\">Je\u015bli chcesz pracowa\u0107 w firmie, kt\u00f3ra stawia na rozw\u00f3j i dobr\u0105 atmosfer\u0119, skontaktuj si\u0119 z nami!<\/h2>\n<p>&nbsp;<\/p>\n<h2 style=\"text-align: center;\"><span style=\"font-size: x-large;\">Napisz wiadomo\u015b\u0107 prywatn\u0105 lub wy\u015blij CV na:<\/span><\/h2>\n<h2 style=\"text-align: center;\"><span style=\"font-size: x-large;\"><a href=\"maillto:klaudia.wabinska@hrp.net.pl\">biuro@hrp.net.pl<\/a><\/span><\/h2>\n<p>[\/et_pb_text][\/et_pb_column][\/et_pb_row][\/et_pb_section][et_pb_section fb_built=&#8221;1&#8243; _builder_version=&#8221;4.27.5&#8243; _module_preset=&#8221;default&#8221; background_color=&#8221;#000000&#8243; custom_padding=&#8221;0px||0px|||&#8221; top_divider_color=&#8221;#000000&#8243; global_module=&#8221;262&#8243; saved_tabs=&#8221;all&#8221; locked=&#8221;off&#8221; global_colors_info=&#8221;{}&#8221;][et_pb_row column_structure=&#8221;1_3,1_3,1_3&#8243; _builder_version=&#8221;4.27.5&#8243; _module_preset=&#8221;default&#8221; global_colors_info=&#8221;{}&#8221;][et_pb_column type=&#8221;1_3&#8243; _builder_version=&#8221;4.27.5&#8243; _module_preset=&#8221;default&#8221; global_colors_info=&#8221;{}&#8221;][dipl_text_with_media module_align=&#8221;left&#8221; _builder_version=&#8221;4.27.5&#8243; _module_preset=&#8221;default&#8221; content_text_text_color=&#8221;#FFFFFF&#8221; animation_style=&#8221;fade&#8221; animation_delay=&#8221;150ms&#8221; scroll_vertical_motion_enable=&#8221;on&#8221; scroll_vertical_motion=&#8221;0|50|50|100|1|0|0&#8243; hover_enabled=&#8221;0&#8243; global_colors_info=&#8221;{}&#8221; sticky_enabled=&#8221;0&#8243;][dipl_text_with_media_item content_type=&#8221;icon&#8221; icon=&#8221;&#xf879;||fa||900&#8243; icon_fontsize=&#8221;20px&#8221; icon_color=&#8221;#FFFFFF&#8221; _builder_version=&#8221;4.27.5&#8243; _module_preset=&#8221;default&#8221; custom_margin=&#8221;|20px|0px||false|false&#8221; link_option_url=&#8221;tel:519420315&#8243; global_colors_info=&#8221;{}&#8221;][\/dipl_text_with_media_item][dipl_text_with_media_item _builder_version=&#8221;4.27.5&#8243; _module_preset=&#8221;default&#8221; content_text_line_height=&#8221;1.2em&#8221; link_option_url=&#8221;tel:519420315&#8243; global_colors_info=&#8221;{}&#8221;]519420315[\/dipl_text_with_media_item][\/dipl_text_with_media][\/et_pb_column][et_pb_column type=&#8221;1_3&#8243; _builder_version=&#8221;4.27.5&#8243; _module_preset=&#8221;default&#8221; global_colors_info=&#8221;{}&#8221;][dipl_text_with_media module_align=&#8221;left&#8221; icon_color=&#8221;#FFFFFF&#8221; _builder_version=&#8221;4.27.5&#8243; _module_preset=&#8221;default&#8221; content_text_text_color=&#8221;#FFFFFF&#8221; custom_margin=&#8221;||-2px|||&#8221; animation_style=&#8221;fade&#8221; animation_delay=&#8221;200ms&#8221; scroll_horizontal_motion_enable=&#8221;on&#8221; scroll_horizontal_motion=&#8221;0|50|50|100|-4|0|0&#8243; global_colors_info=&#8221;{}&#8221;][dipl_text_with_media_item content_type=&#8221;icon&#8221; icon=&#8221;&#xe010;||divi||400&#8243; icon_fontsize=&#8221;20px&#8221; _builder_version=&#8221;4.27.5&#8243; _module_preset=&#8221;default&#8221; custom_margin=&#8221;|20px|0px||false|false&#8221; link_option_url=&#8221;mailto:biuro@hrp.net.pl&#8221; global_colors_info=&#8221;{}&#8221;][\/dipl_text_with_media_item][dipl_text_with_media_item _builder_version=&#8221;4.27.5&#8243; _module_preset=&#8221;default&#8221; content_text_line_height=&#8221;1.2em&#8221; link_option_url=&#8221;mailto:biuro@hrp.net.pl&#8221; global_colors_info=&#8221;{}&#8221;]biuro@hrp.net.pl[\/dipl_text_with_media_item][\/dipl_text_with_media][\/et_pb_column][et_pb_column type=&#8221;1_3&#8243; _builder_version=&#8221;4.27.5&#8243; _module_preset=&#8221;default&#8221; global_colors_info=&#8221;{}&#8221;][dipl_text_with_media module_align=&#8221;left&#8221; icon_color=&#8221;#FFFFFF&#8221; _builder_version=&#8221;4.27.5&#8243; _module_preset=&#8221;default&#8221; content_text_text_color=&#8221;#FFFFFF&#8221; width=&#8221;99.4%&#8221; custom_margin=&#8221;-17px|||||&#8221; custom_padding=&#8221;0px|0px||0px||&#8221; animation_style=&#8221;fade&#8221; animation_delay=&#8221;225ms&#8221; scroll_fade_enable=&#8221;on&#8221; global_colors_info=&#8221;{}&#8221;][dipl_text_with_media_item content_type=&#8221;icon&#8221; icon=&#8221;&#xe01d;||divi||400&#8243; icon_fontsize=&#8221;20px&#8221; icon_color=&#8221;#FFFFFF&#8221; _builder_version=&#8221;4.27.5&#8243; _module_preset=&#8221;default&#8221; custom_margin=&#8221;|20px|0px||false|false&#8221; link_option_url=&#8221;https:\/\/www.google.com\/maps\/place\/Wierzbi%C4%99cice+24a,+61-568+Pozna%C5%84\/@52.3968163,16.9193582,17z\/data=!3m1!4b1!4m6!3m5!1s0x47045b250499e7f3:0xfda260d179401dda!8m2!3d52.3968163!4d16.9219331!16s%2Fg%2F11h8n22xtx?entry=ttu&#038;g_ep=EgoyMDI2MDIyNS4wIKXMDSoASAFQAw%3D%3D&#8221; global_colors_info=&#8221;{}&#8221;][\/dipl_text_with_media_item][dipl_text_with_media_item _builder_version=&#8221;4.27.5&#8243; _module_preset=&#8221;default&#8221; content_text_line_height=&#8221;1.2em&#8221; custom_margin=&#8221;|20px|0px||false|false&#8221; link_option_url=&#8221;https:\/\/www.google.com\/maps\/place\/Wierzbi%C4%99cice+24a,+61-568+Pozna%C5%84\/@52.3968163,16.9193582,17z\/data=!3m1!4b1!4m6!3m5!1s0x47045b250499e7f3:0xfda260d179401dda!8m2!3d52.3968163!4d16.9219331!16s%2Fg%2F11h8n22xtx?entry=ttu&#038;g_ep=EgoyMDI2MDIyNS4wIKXMDSoASAFQAw%3D%3D&#8221; global_colors_info=&#8221;{}&#8221;]<\/p>\n<p>ul. Wierzbi\u0119cice 24 A <br \/>61-568 Pozna\u0144<\/p>\n<p>[\/dipl_text_with_media_item][\/dipl_text_with_media][\/et_pb_column][\/et_pb_row][\/et_pb_section][et_pb_section fb_built=&#8221;1&#8243; prev_background_color=&#8221;#000000&#8243; _builder_version=&#8221;4.27.5&#8243; _module_preset=&#8221;default&#8221; custom_padding=&#8221;0px||0px|||&#8221; top_divider_style=&#8221;asymmetric4&#8243; top_divider_height=&#8221;27px&#8221; hover_enabled=&#8221;0&#8243; global_colors_info=&#8221;{}&#8221; sticky_enabled=&#8221;0&#8243; global_module=&#8221;395&#8243; saved_tabs=&#8221;all&#8221; locked=&#8221;off&#8221;][et_pb_row _builder_version=&#8221;4.27.5&#8243; _module_preset=&#8221;default&#8221; custom_padding=&#8221;27px|||||&#8221; global_colors_info=&#8221;{}&#8221;][et_pb_column type=&#8221;4_4&#8243; _builder_version=&#8221;4.27.5&#8243; _module_preset=&#8221;default&#8221; global_colors_info=&#8221;{}&#8221;][et_pb_text _builder_version=&#8221;4.27.5&#8243; _module_preset=&#8221;default&#8221; hover_enabled=&#8221;0&#8243; global_colors_info=&#8221;{}&#8221; sticky_enabled=&#8221;0&#8243;]<\/p>\n<h1 style=\"text-align: center;\"><span style=\"color: #000000;\">Nasi Partnerzy<\/span><\/h1>\n<p>[\/et_pb_text][\/et_pb_column][\/et_pb_row][et_pb_row column_structure=&#8221;1_3,1_3,1_3&#8243; _builder_version=&#8221;4.27.5&#8243; _module_preset=&#8221;default&#8221; global_colors_info=&#8221;{}&#8221;][et_pb_column type=&#8221;1_3&#8243; _builder_version=&#8221;4.27.5&#8243; _module_preset=&#8221;default&#8221; global_colors_info=&#8221;{}&#8221;][et_pb_image src=&#8221;https:\/\/hrp.net.pl\/wp-content\/uploads\/2026\/03\/LOGO-EKOVOLTIS-01-1-scaled.png&#8221; title_text=&#8221;LOGO EKOVOLTIS-01&#8243; url=&#8221;https:\/\/ekovoltis.pl\/&#8221; _builder_version=&#8221;4.27.5&#8243; _module_preset=&#8221;default&#8221; custom_margin=&#8221;9px|||||&#8221; custom_padding=&#8221;11px|||||&#8221; hover_enabled=&#8221;0&#8243; global_colors_info=&#8221;{}&#8221; animation_style=&#8221;fade&#8221; sticky_enabled=&#8221;0&#8243;][\/et_pb_image][\/et_pb_column][et_pb_column type=&#8221;1_3&#8243; _builder_version=&#8221;4.27.5&#8243; _module_preset=&#8221;default&#8221; global_colors_info=&#8221;{}&#8221;][et_pb_image src=&#8221;https:\/\/hrp.net.pl\/wp-content\/uploads\/2026\/02\/468544545_433583713147742_3436965698061613462_n.jpg&#8221; title_text=&#8221;Van Chris_logo&#8221; url=&#8221;https:\/\/van-chris.pl\/&#8221; _builder_version=&#8221;4.27.5&#8243; _module_preset=&#8221;default&#8221; hover_enabled=&#8221;0&#8243; global_colors_info=&#8221;{}&#8221; animation_style=&#8221;fade&#8221; animation_delay=&#8221;250ms&#8221; sticky_enabled=&#8221;0&#8243;][\/et_pb_image][\/et_pb_column][et_pb_column type=&#8221;1_3&#8243; _builder_version=&#8221;4.27.5&#8243; _module_preset=&#8221;default&#8221; global_colors_info=&#8221;{}&#8221;][et_pb_image src=&#8221;https:\/\/hrp.net.pl\/wp-content\/uploads\/2026\/02\/logo_ecoenergy_large_transparent-300&#215;169.png&#8221; title_text=&#8221;logo_ecoenergy_large_transparent&#8221; url=&#8221;https:\/\/ecoenergy24.pl\/&#8221; _builder_version=&#8221;4.27.5&#8243; _module_preset=&#8221;default&#8221; custom_margin=&#8221;-31px|||||&#8221; custom_padding=&#8221;5px|||||&#8221; hover_enabled=&#8221;0&#8243; global_colors_info=&#8221;{}&#8221; animation_style=&#8221;fade&#8221; animation_delay=&#8221;450ms&#8221; sticky_enabled=&#8221;0&#8243;][\/et_pb_image][\/et_pb_column][\/et_pb_row][\/et_pb_section]<\/p>\n","protected":false},"excerpt":{"rendered":"<p>Do\u0142\u0105cz do naszego zespo\u0142u! Szukamy ELEKTRYK\u00d3W! Nasza firma dynamicznie si\u0119 rozwija i poszukuje wykwalifikowanych elektryk\u00f3w,kt\u00f3rzy chc\u0105 pracowa\u0107 w stabilnej, nowoczesnej i przyjaznej firmie.<div class=\"et_pb_module dipl_text_animator dipl_text_animator_0\">\n\t\t\t\t\n\t\t\t\t\n\t\t\t\t\n\t\t\t\t\n\t\t\t\t\n\t\t\t\t\n\t\t\t\t<div class=\"et_pb_module_inner\">\n\t\t\t\t\t<div class=\"animated_text_wrapper dipl-typing\">\n\t\t\t\t<h2>\n\t\t\t\t\n\t\t\t\t<span\n\t\t\t\t\tclass=\"animated_text dipl_main_part\" \n\t\t\t\t\tdata-wait-time=\"2000\"\n\t\t\t\t\tdata-typing-time=\"100\"\n\t\t\t\t\tdata-erasing-time=\"10\"\n\t\t\t\t\tdata-text=\"Oferujemy:\"\n\t\t\t\t\tdata-interval-id=\"0\"\n\t\t\t\t\tdata-stop-animation-on-hover=\"off\"\n\t\t\t\t\tdata-animate-only-once=\"on\"\n\t\t\t\t><\/span>\n\t\t\t\t\n\t\t\t\t<\/h2>\n\t\t\t<\/div>\n\t\t\t\t<\/div>\n\t\t\t<\/div> Stabilne zatrudnienie na umow\u0119 Atrakcyjne wynagrodzenie i premie Prac\u0119 przy ciekawych projektach Mo\u017cliwo\u015b\u0107 rozwoju i podnoszenia kwalifikacji Wsparcie techniczne i zgrany zesp\u00f3\u0142 [&hellip;]<\/p>\n","protected":false},"author":1,"featured_media":0,"parent":0,"menu_order":0,"comment_status":"closed","ping_status":"closed","template":"","meta":{"_et_pb_use_builder":"on","_et_pb_old_content":"","_et_gb_content_width":"","footnotes":""},"class_list":["post-132","page","type-page","status-publish","hentry"],"_links":{"self":[{"href":"https:\/\/hrp.net.pl\/index.php?rest_route=\/wp\/v2\/pages\/132","targetHints":{"allow":["GET"]}}],"collection":[{"href":"https:\/\/hrp.net.pl\/index.php?rest_route=\/wp\/v2\/pages"}],"about":[{"href":"https:\/\/hrp.net.pl\/index.php?rest_route=\/wp\/v2\/types\/page"}],"author":[{"embeddable":true,"href":"https:\/\/hrp.net.pl\/index.php?rest_route=\/wp\/v2\/users\/1"}],"replies":[{"embeddable":true,"href":"https:\/\/hrp.net.pl\/index.php?rest_route=%2Fwp%2Fv2%2Fcomments&post=132"}],"version-history":[{"count":22,"href":"https:\/\/hrp.net.pl\/index.php?rest_route=\/wp\/v2\/pages\/132\/revisions"}],"predecessor-version":[{"id":407,"href":"https:\/\/hrp.net.pl\/index.php?rest_route=\/wp\/v2\/pages\/132\/revisions\/407"}],"wp:attachment":[{"href":"https:\/\/hrp.net.pl\/index.php?rest_route=%2Fwp%2Fv2%2Fmedia&parent=132"}],"curies":[{"name":"wp","href":"https:\/\/api.w.org\/{rel}","templated":true}]}}