{"id":101,"date":"2026-02-02T18:30:20","date_gmt":"2026-02-02T17:30:20","guid":{"rendered":"http:\/\/hrp.net.pl\/?page_id=101"},"modified":"2026-02-06T23:49:57","modified_gmt":"2026-02-06T22:49:57","slug":"o-nas","status":"publish","type":"page","link":"https:\/\/hrp.net.pl\/?page_id=101","title":{"rendered":"O nas"},"content":{"rendered":"<p>[et_pb_section fb_built=&#8221;1&#8243; theme_builder_area=&#8221;post_content&#8221; _builder_version=&#8221;4.27.5&#8243; _module_preset=&#8221;default&#8221; hover_enabled=&#8221;0&#8243; sticky_enabled=&#8221;0&#8243;][et_pb_row _builder_version=&#8221;4.27.5&#8243; _module_preset=&#8221;default&#8221; theme_builder_area=&#8221;post_content&#8221;][et_pb_column _builder_version=&#8221;4.27.5&#8243; _module_preset=&#8221;default&#8221; type=&#8221;4_4&#8243; theme_builder_area=&#8221;post_content&#8221;][et_pb_text _builder_version=&#8221;4.27.5&#8243; _module_preset=&#8221;default&#8221; theme_builder_area=&#8221;post_content&#8221; hover_enabled=&#8221;0&#8243; sticky_enabled=&#8221;0&#8243; custom_padding=&#8221;||0px|||&#8221;]<\/p>\n<p style=\"text-align: center;\">HRP GROUP specjalizuje si\u0119 w dostarczaniu przedsi\u0119biorstwom realnych oszcz\u0119dno\u015bci<br \/>oraz skutecznych rozwi\u0105za\u0144 energetycznych i finansowych.<\/p>\n<p style=\"text-align: center;\">Pomagamy firmom obni\u017cy\u0107<br \/>koszty pr\u0105du i gazu, negocjuj\u0105c najkorzystniejsze stawki i przygotowuj\u0105c oferty<br \/>dopasowane do indywidualnych potrzeb ka\u017cdego klienta.<br \/>Zajmujemy si\u0119 r\u00f3wnie\u017c kompleksow\u0105 obs\u0142ug\u0105 w zakresie energii \u2013 od zatrudniania<br \/>wykwalifikowanych elektryk\u00f3w, przez wsparcie w realizacji inwestycji energetycznych, a\u017c<br \/>po nowoczesne projekty biogazowni, kt\u00f3re pozwalaj\u0105 firmom inwestowa\u0107 w odnawialne<br \/>\u017ar\u00f3d\u0142a energii i zwi\u0119ksza\u0107 swoj\u0105 niezale\u017cno\u015b\u0107 energetyczn\u0105.<br \/>Naszym klientom zapewniamy tak\u017ce dost\u0119p do rozwi\u0105za\u0144 finansowych: po\u017cyczek,<br \/>dofinansowa\u0144 oraz ulg podatkowych, kt\u00f3re pomagaj\u0105 rozwija\u0107 biznes i realizowa\u0107<br \/>kluczowe inwestycje bez obci\u0105\u017cania bud\u017cetu.<\/p>\n<p style=\"text-align: center;\">Co nas wyr\u00f3\u017cnia?<\/p>\n<p style=\"text-align: center;\">\u2022 Indywidualne podej\u015bcie i doradztwo oparte na analizie realnych potrzeb firmy<br \/>\u2022 Szeroka oferta energetyczna i finansowa w jednym miejscu<br \/>\u2022 Eksperci, kt\u00f3rzy \u0142\u0105cz\u0105 wiedz\u0119 techniczn\u0105, prawn\u0105 i finansow\u0105<br \/>\u2022 Skuteczno\u015b\u0107 potwierdzona oszcz\u0119dno\u015bciami naszych klient\u00f3w<\/p>\n<p style=\"text-align: center;\">\n<p style=\"text-align: center;\">HRP GROUP \u2014 energia, finanse, oszcz\u0119dno\u015bci.<\/p>\n<p style=\"text-align: center;\">Z nami Tw\u00f3j biznes dzia\u0142a taniej i<br \/>bezpieczniej.<\/p>\n<p>[\/et_pb_text][\/et_pb_column][\/et_pb_row][\/et_pb_section]<\/p>\n","protected":false},"excerpt":{"rendered":"<p>HRP GROUP specjalizuje si\u0119 w dostarczaniu przedsi\u0119biorstwom realnych oszcz\u0119dno\u015bcioraz skutecznych rozwi\u0105za\u0144 energetycznych i finansowych. Pomagamy firmom obni\u017cy\u0107koszty pr\u0105du i gazu, negocjuj\u0105c najkorzystniejsze stawki i przygotowuj\u0105c ofertydopasowane do indywidualnych potrzeb ka\u017cdego klienta.Zajmujemy si\u0119 r\u00f3wnie\u017c kompleksow\u0105 obs\u0142ug\u0105 w zakresie energii \u2013 od zatrudnianiawykwalifikowanych elektryk\u00f3w, przez wsparcie w realizacji inwestycji energetycznych, a\u017cpo nowoczesne projekty biogazowni, kt\u00f3re pozwalaj\u0105 firmom [&hellip;]<\/p>\n","protected":false},"author":1,"featured_media":0,"parent":0,"menu_order":0,"comment_status":"closed","ping_status":"closed","template":"","meta":{"_et_pb_use_builder":"on","_et_pb_old_content":"","_et_gb_content_width":"","footnotes":""},"class_list":["post-101","page","type-page","status-publish","hentry"],"_links":{"self":[{"href":"https:\/\/hrp.net.pl\/index.php?rest_route=\/wp\/v2\/pages\/101","targetHints":{"allow":["GET"]}}],"collection":[{"href":"https:\/\/hrp.net.pl\/index.php?rest_route=\/wp\/v2\/pages"}],"about":[{"href":"https:\/\/hrp.net.pl\/index.php?rest_route=\/wp\/v2\/types\/page"}],"author":[{"embeddable":true,"href":"https:\/\/hrp.net.pl\/index.php?rest_route=\/wp\/v2\/users\/1"}],"replies":[{"embeddable":true,"href":"https:\/\/hrp.net.pl\/index.php?rest_route=%2Fwp%2Fv2%2Fcomments&post=101"}],"version-history":[{"count":4,"href":"https:\/\/hrp.net.pl\/index.php?rest_route=\/wp\/v2\/pages\/101\/revisions"}],"predecessor-version":[{"id":412,"href":"https:\/\/hrp.net.pl\/index.php?rest_route=\/wp\/v2\/pages\/101\/revisions\/412"}],"wp:attachment":[{"href":"https:\/\/hrp.net.pl\/index.php?rest_route=%2Fwp%2Fv2%2Fmedia&parent=101"}],"curies":[{"name":"wp","href":"https:\/\/api.w.org\/{rel}","templated":true}]}}